{"id":1923,"date":"2022-11-01T11:51:06","date_gmt":"2022-11-01T15:51:06","guid":{"rendered":"https:\/\/flexsss.com\/latam\/?page_id=1923"},"modified":"2022-11-01T11:51:06","modified_gmt":"2022-11-01T15:51:06","slug":"gestion-y-analisis-de-informacion-analisis-de-riesgo-y-estadisticas","status":"publish","type":"page","link":"https:\/\/flexsss.com\/latam\/gestion-y-analisis-de-informacion-analisis-de-riesgo-y-estadisticas\/","title":{"rendered":"Gesti\u00f3n y An\u00e1lisis de informaci\u00f3n \/ An\u00e1lisis de Riesgo y Estad\u00edsticas"},"content":{"rendered":"\n<figure class=\"wp-block-table\"><table><tbody><tr><td><img data-recalc-dims=\"1\" loading=\"lazy\" decoding=\"async\" width=\"250\" height=\"150\" class=\"wp-image-1867\" style=\"width: 250px;\" src=\"https:\/\/i0.wp.com\/flexsss.com\/latam\/wp-content\/uploads\/2022\/11\/LogoGPD.png?resize=250%2C150&#038;ssl=1\" alt=\"\"><\/td><td><img data-recalc-dims=\"1\" loading=\"lazy\" decoding=\"async\" width=\"250\" height=\"150\" class=\"wp-image-1655\" style=\"width: 250px;\" src=\"https:\/\/i0.wp.com\/flexsss.com\/latam\/wp-content\/uploads\/2022\/01\/LogoATI.png?resize=250%2C150&#038;ssl=1\" alt=\"\"><\/td><td><\/td><td><\/td><\/tr><\/tbody><\/table><\/figure>\n\n\n\n<p><\/p>\n","protected":false},"excerpt":{"rendered":"","protected":false},"author":1,"featured_media":0,"parent":0,"menu_order":0,"comment_status":"closed","ping_status":"closed","template":"","meta":{"footnotes":""},"class_list":["post-1923","page","type-page","status-publish","hentry"],"jetpack-related-posts":[],"jetpack_sharing_enabled":true,"_links":{"self":[{"href":"https:\/\/flexsss.com\/latam\/wp-json\/wp\/v2\/pages\/1923","targetHints":{"allow":["GET"]}}],"collection":[{"href":"https:\/\/flexsss.com\/latam\/wp-json\/wp\/v2\/pages"}],"about":[{"href":"https:\/\/flexsss.com\/latam\/wp-json\/wp\/v2\/types\/page"}],"author":[{"embeddable":true,"href":"https:\/\/flexsss.com\/latam\/wp-json\/wp\/v2\/users\/1"}],"replies":[{"embeddable":true,"href":"https:\/\/flexsss.com\/latam\/wp-json\/wp\/v2\/comments?post=1923"}],"version-history":[{"count":1,"href":"https:\/\/flexsss.com\/latam\/wp-json\/wp\/v2\/pages\/1923\/revisions"}],"predecessor-version":[{"id":1924,"href":"https:\/\/flexsss.com\/latam\/wp-json\/wp\/v2\/pages\/1923\/revisions\/1924"}],"wp:attachment":[{"href":"https:\/\/flexsss.com\/latam\/wp-json\/wp\/v2\/media?parent=1923"}],"curies":[{"name":"wp","href":"https:\/\/api.w.org\/{rel}","templated":true}]}}